{"id":2305,"date":"2014-11-17T13:22:26","date_gmt":"2014-11-17T12:22:26","guid":{"rendered":"http:\/\/www.lagorahotel.com\/comentarios-2\/"},"modified":"2023-05-29T12:53:20","modified_gmt":"2023-05-29T10:53:20","slug":"comentarios","status":"publish","type":"page","link":"https:\/\/www.lagorahotel.com\/ca\/comentarios\/","title":{"rendered":"Opinions"},"content":{"rendered":"<div class=\"wpb-content-wrapper\"><p>[vc_row bottom_padding=&#8221;50&#8243;][vc_column width=&#8221;1\/6&#8243;][vc_icon type=&#8221;linecons&#8221; icon_linecons=&#8221;vc_li vc_li-bubble&#8221; color=&#8221;custom&#8221; size=&#8221;xl&#8221; align=&#8221;right&#8221; custom_color=&#8221;#dbb332&#8243; css=&#8221;.vc_custom_1592217445614{margin-top: 10px !important;}&#8221;][\/vc_column][vc_column width=&#8221;2\/3&#8243;][vc_column_text]<\/p>\n<h3 style=\"text-align: center;\">Els nostres clients han deixat les seues opinions sobre l&#8217;hotel a diferents portals. Ac\u00ed podeu consultar els m\u00e9s destacats i escriure tamb\u00e9 la vostra pr\u00f2pia experi\u00e8ncia. Totes aquestes opinions ens ajuden a millorar dia a dia.<\/h3>\n<p>[\/vc_column_text][\/vc_column][vc_column width=&#8221;1\/6&#8243;][vc_icon type=&#8221;linecons&#8221; icon_linecons=&#8221;vc_li vc_li-bubble&#8221; color=&#8221;custom&#8221; size=&#8221;xl&#8221; custom_color=&#8221;#dbb332&#8243; css=&#8221;.vc_custom_1592217457314{margin-top: 10px !important;}&#8221;][\/vc_column][\/vc_row][vc_row][vc_column width=&#8221;1\/2&#8243;][vc_raw_html]JTNDc2NyaXB0JTIwc3JjJTNEJTIyaHR0cHMlM0ElMkYlMkZhcHBzLmVsZnNpZ2h0LmNvbSUyRnAlMkZwbGF0Zm9ybS5qcyUyMiUyMGRlZmVyJTNFJTNDJTJGc2NyaXB0JTNFJTBBJTNDZGl2JTIwY2xhc3MlM0QlMjJlbGZzaWdodC1hcHAtMmYxMWQxZTAtY2VjYS00MDAwLWJkNjgtNDFmNTVjNzUwMTcwJTIyJTNFJTNDJTJGZGl2JTNF[\/vc_raw_html][\/vc_column][vc_column text_align=&#8221;center&#8221; width=&#8221;1\/2&#8243;]<div class=\"single_image wpb_content_element align-center    \" data-animation=\"none\" data-delay=\"0\"><a href=\"https:\/\/www.lagorahotel.com\/wp-content\/uploads\/2023\/05\/tripadvisor-travellers-choice-2023.jpg\" class=\"prettyPhoto\" rel=\"prettyPhoto[image]\"><\/a><\/div>[vc_raw_html]JTNDZGl2JTIwaWQlM0QlMjJUQV9jZHNzY3JvbGxpbmdyYXZld2lkZTI1MyUyMiUyMGNsYXNzJTNEJTIyVEFfY2Rzc2Nyb2xsaW5ncmF2ZXdpZGUlMjIlM0UlMEElM0N1bCUyMGlkJTNEJTIyaGlqMTRzS0klMjIlMjBjbGFzcyUzRCUyMlRBX2xpbmtzJTIwZlJNVGhzNFVhUk1xJTIyJTNFJTBBJTNDbGklMjBpZCUzRCUyMmJwZHIyek4xSSUyMiUyMGNsYXNzJTNEJTIyT1BWbVBFanVCJTIyJTNFJTBBJTNDYSUyMHRhcmdldCUzRCUyMl9ibGFuayUyMiUyMGhyZWYlM0QlMjJodHRwcyUzQSUyRiUyRnd3dy50cmlwYWR2aXNvci5lcyUyRkhvdGVsX1Jldmlldy1nNjA5MDM5LWQ1MzM3NDUtUmV2aWV3cy1MX0Fnb3JhX0hvdGVsLUJvY2FpcmVudGVfUHJvdmluY2Vfb2ZfVmFsZW5jaWFfVmFsZW5jaWFuX0NvdW50cnkuaHRtbCUyMiUzRSUzQ2ltZyUyMHNyYyUzRCUyMmh0dHBzJTNBJTJGJTJGc3RhdGljLnRhY2RuLmNvbSUyRmltZzIlMkZicmFuZF9yZWZyZXNoJTJGVHJpcGFkdmlzb3JfbG9ja3VwX3ZlcnRpY2FsLnN2ZyUyMiUyMGFsdCUzRCUyMlRyaXBBZHZpc29yJTIyJTIwY2xhc3MlM0QlMjJ3aWRFWENJTUclMjIlMjBpZCUzRCUyMkNEU1dJREVYQ0xPR08lMjIlMkYlM0UlM0MlMkZhJTNFJTBBJTNDJTJGbGklM0UlMEElM0MlMkZ1bCUzRSUwQSUzQyUyRmRpdiUzRSUwQSUzQ3NjcmlwdCUyMGFzeW5jJTIwc3JjJTNEJTIyaHR0cHMlM0ElMkYlMkZ3d3cuanNjYWNoZS5jb20lMkZ3ZWpzJTNGd3R5cGUlM0RjZHNzY3JvbGxpbmdyYXZld2lkZSUyNmFtcCUzQnVuaXElM0QyNTMlMjZhbXAlM0Jsb2NhdGlvbklkJTNENTMzNzQ1JTI2YW1wJTNCbGFuZyUzRGVzJTI2YW1wJTNCYm9yZGVyJTNEdHJ1ZSUyNmFtcCUzQmJhY2tncm91bmRDb2xvciUzRGdyYXklMjZhbXAlM0JkaXNwbGF5X3ZlcnNpb24lM0QyJTIyJTIwZGF0YS1sb2FkdHJrJTIwb25sb2FkJTNEJTIydGhpcy5sb2FkdHJrJTNEdHJ1ZSUyMiUzRSUzQyUyRnNjcmlwdCUzRQ==[\/vc_raw_html][vc_raw_html]JTNDZGl2JTIwaWQlM0QlMjJUQV9zZWxmc2VydmVwcm9wMTAlMjIlMjBjbGFzcyUzRCUyMlRBX3NlbGZzZXJ2ZXByb3AlMjIlM0UlM0N1bCUyMGlkJTNEJTIydmMyZlhNQ2p4TyUyMiUyMGNsYXNzJTNEJTIyVEFfbGlua3MlMjBTMEM2cTYlMjIlM0UlM0NsaSUyMGlkJTNEJTIyUlpJaEUxeEdpJTIyJTIwY2xhc3MlM0QlMjJyT29rZFdtSjRHcEUlMjIlM0UlM0NhJTIwdGFyZ2V0JTNEJTIyX2JsYW5rJTIyJTIwaHJlZiUzRCUyMmh0dHBzJTNBJTJGJTJGd3d3LnRyaXBhZHZpc29yLmVzJTJGSG90ZWxfUmV2aWV3LWc2MDkwMzktZDUzMzc0NS1SZXZpZXdzLUxfQWdvcmFfSG90ZWwtQm9jYWlyZW50ZV9Qcm92aW5jZV9vZl9WYWxlbmNpYV9WYWxlbmNpYW5fQ291bnRyeS5odG1sJTIyJTNFJTNDaW1nJTIwc3JjJTNEJTIyaHR0cHMlM0ElMkYlMkZ3d3cudHJpcGFkdmlzb3IuZXMlMkZpbWclMkZjZHNpJTJGaW1nMiUyRmJyYW5kaW5nJTJGdjIlMkZUcmlwYWR2aXNvcl9sb2NrdXBfaG9yaXpvbnRhbF9zZWNvbmRhcnlfcmVnaXN0ZXJlZC0xMTkwMC0yLnN2ZyUyMiUyMGFsdCUzRCUyMlRyaXBBZHZpc29yJTIyJTJGJTNFJTNDJTJGYSUzRSUzQyUyRmxpJTNFJTNDJTJGdWwlM0UlM0MlMkZkaXYlM0UlM0NzY3JpcHQlMjBhc3luYyUyMHNyYyUzRCUyMmh0dHBzJTNBJTJGJTJGd3d3LmpzY2FjaGUuY29tJTJGd2VqcyUzRnd0eXBlJTNEc2VsZnNlcnZlcHJvcCUyNmFtcCUzQnVuaXElM0QxMCUyNmFtcCUzQmxvY2F0aW9uSWQlM0Q1MzM3NDUlMjZhbXAlM0JsYW5nJTNEZXMlMjZhbXAlM0JyYXRpbmclM0R0cnVlJTI2YW1wJTNCbnJldmlld3MlM0Q0JTI2YW1wJTNCd3JpdGVyZXZpZXdsaW5rJTNEdHJ1ZSUyNmFtcCUzQnBvcElkeCUzRHRydWUlMjZhbXAlM0Jpc3dpZGUlM0R0cnVlJTI2YW1wJTNCYm9yZGVyJTNEdHJ1ZSUyNmFtcCUzQmRpc3BsYXlfdmVyc2lvbiUzRDIlMjIlMjBkYXRhLWxvYWR0cmslMjBvbmxvYWQlM0QlMjJ0aGlzLmxvYWR0cmslM0R0cnVlJTIyJTNFJTNDJTJGc2NyaXB0JTNF[\/vc_raw_html]<h1 class=\"headline font-inherit fontsize-inherit fontweight-inherit lh-inherit align-center transform-inherit \" style=\"margin: 0 0 20px 0;\">Veure tamb\u00e9 opinions a:<\/h1>[vc_single_image image=&#8221;4348&#8243; img_size=&#8221;260&#215;130&#8243; alignment=&#8221;center&#8221; onclick=&#8221;custom_link&#8221; img_link_target=&#8221;_blank&#8221; css_animation=&#8221;bounceIn&#8221; link=&#8221;http:\/\/www.mrplan.es\/\/operadoresV9\/modulos\/valoraciones\/opiniones.php?id=1&amp;id_casa=4885&amp;id_of=&amp;idioma=0&#8243; css=&#8221;.vc_custom_1596623479804{padding-top: 20px !important;padding-right: 20px !important;padding-bottom: 20px !important;padding-left: 20px !important;}&#8221;][\/vc_column][\/vc_row]<\/p>\n<\/div>","protected":false},"excerpt":{"rendered":"<p>[vc_row bottom_padding=&#8221;50&#8243;][vc_column width=&#8221;1\/6&#8243;][vc_icon type=&#8221;linecons&#8221; icon_linecons=&#8221;vc_li vc_li-bubble&#8221; color=&#8221;custom&#8221; size=&#8221;xl&#8221; align=&#8221;right&#8221; custom_color=&#8221;#dbb332&#8243; css=&#8221;.vc_custom_1592217445614{margin-top: 10px !important;}&#8221;][\/vc_column][vc_column width=&#8221;2\/3&#8243;][vc_column_text] Els nostres clients han deixat les seues opinions sobre l&#8217;hotel a diferents portals. Ac\u00ed podeu consultar els m\u00e9s destacats i escriure tamb\u00e9 la vostra pr\u00f2pia experi\u00e8ncia. Totes aquestes opinions ens ajuden a millorar dia a dia. [\/vc_column_text][\/vc_column][vc_column width=&#8221;1\/6&#8243;][vc_icon type=&#8221;linecons&#8221; icon_linecons=&#8221;vc_li vc_li-bubble&#8221; color=&#8221;custom&#8221; size=&#8221;xl&#8221; custom_color=&#8221;#dbb332&#8243; css=&#8221;.vc_custom_1592217457314{margin-top: 10px !important;}&#8221;][\/vc_column][\/vc_row][vc_row][vc_column width=&#8221;1\/2&#8243;][vc_raw_html]JTNDc2NyaXB0JTIwc3JjJTNEJTIyaHR0cHMlM0ElMkYlMkZhcHBzLmVsZnNpZ2h0LmNvbSUyRnAlMkZwbGF0Zm9ybS5qcyUyMiUyMGRlZmVyJTNFJTNDJTJGc2NyaXB0JTNFJTBBJTNDZGl2JTIwY2xhc3MlM0QlMjJlbGZzaWdodC1hcHAtMmYxMWQxZTAtY2VjYS00MDAwLWJkNjgtNDFmNTVjNzUwMTcwJTIyJTNFJTNDJTJGZGl2JTNF[\/vc_raw_html][\/vc_column][vc_column text_align=&#8221;center&#8221; width=&#8221;1\/2&#8243;][vc_raw_html]JTNDZGl2JTIwaWQlM0QlMjJUQV9jZHNzY3JvbGxpbmdyYXZld2lkZTI1MyUyMiUyMGNsYXNzJTNEJTIyVEFfY2Rzc2Nyb2xsaW5ncmF2ZXdpZGUlMjIlM0UlMEElM0N1bCUyMGlkJTNEJTIyaGlqMTRzS0klMjIlMjBjbGFzcyUzRCUyMlRBX2xpbmtzJTIwZlJNVGhzNFVhUk1xJTIyJTNFJTBBJTNDbGklMjBpZCUzRCUyMmJwZHIyek4xSSUyMiUyMGNsYXNzJTNEJTIyT1BWbVBFanVCJTIyJTNFJTBBJTNDYSUyMHRhcmdldCUzRCUyMl9ibGFuayUyMiUyMGhyZWYlM0QlMjJodHRwcyUzQSUyRiUyRnd3dy50cmlwYWR2aXNvci5lcyUyRkhvdGVsX1Jldmlldy1nNjA5MDM5LWQ1MzM3NDUtUmV2aWV3cy1MX0Fnb3JhX0hvdGVsLUJvY2FpcmVudGVfUHJvdmluY2Vfb2ZfVmFsZW5jaWFfVmFsZW5jaWFuX0NvdW50cnkuaHRtbCUyMiUzRSUzQ2ltZyUyMHNyYyUzRCUyMmh0dHBzJTNBJTJGJTJGc3RhdGljLnRhY2RuLmNvbSUyRmltZzIlMkZicmFuZF9yZWZyZXNoJTJGVHJpcGFkdmlzb3JfbG9ja3VwX3ZlcnRpY2FsLnN2ZyUyMiUyMGFsdCUzRCUyMlRyaXBBZHZpc29yJTIyJTIwY2xhc3MlM0QlMjJ3aWRFWENJTUclMjIlMjBpZCUzRCUyMkNEU1dJREVYQ0xPR08lMjIlMkYlM0UlM0MlMkZhJTNFJTBBJTNDJTJGbGklM0UlMEElM0MlMkZ1bCUzRSUwQSUzQyUyRmRpdiUzRSUwQSUzQ3NjcmlwdCUyMGFzeW5jJTIwc3JjJTNEJTIyaHR0cHMlM0ElMkYlMkZ3d3cuanNjYWNoZS5jb20lMkZ3ZWpzJTNGd3R5cGUlM0RjZHNzY3JvbGxpbmdyYXZld2lkZSUyNmFtcCUzQnVuaXElM0QyNTMlMjZhbXAlM0Jsb2NhdGlvbklkJTNENTMzNzQ1JTI2YW1wJTNCbGFuZyUzRGVzJTI2YW1wJTNCYm9yZGVyJTNEdHJ1ZSUyNmFtcCUzQmJhY2tncm91bmRDb2xvciUzRGdyYXklMjZhbXAlM0JkaXNwbGF5X3ZlcnNpb24lM0QyJTIyJTIwZGF0YS1sb2FkdHJrJTIwb25sb2FkJTNEJTIydGhpcy5sb2FkdHJrJTNEdHJ1ZSUyMiUzRSUzQyUyRnNjcmlwdCUzRQ==[\/vc_raw_html][vc_raw_html]JTNDZGl2JTIwaWQlM0QlMjJUQV9zZWxmc2VydmVwcm9wMTAlMjIlMjBjbGFzcyUzRCUyMlRBX3NlbGZzZXJ2ZXByb3AlMjIlM0UlM0N1bCUyMGlkJTNEJTIydmMyZlhNQ2p4TyUyMiUyMGNsYXNzJTNEJTIyVEFfbGlua3MlMjBTMEM2cTYlMjIlM0UlM0NsaSUyMGlkJTNEJTIyUlpJaEUxeEdpJTIyJTIwY2xhc3MlM0QlMjJyT29rZFdtSjRHcEUlMjIlM0UlM0NhJTIwdGFyZ2V0JTNEJTIyX2JsYW5rJTIyJTIwaHJlZiUzRCUyMmh0dHBzJTNBJTJGJTJGd3d3LnRyaXBhZHZpc29yLmVzJTJGSG90ZWxfUmV2aWV3LWc2MDkwMzktZDUzMzc0NS1SZXZpZXdzLUxfQWdvcmFfSG90ZWwtQm9jYWlyZW50ZV9Qcm92aW5jZV9vZl9WYWxlbmNpYV9WYWxlbmNpYW5fQ291bnRyeS5odG1sJTIyJTNFJTNDaW1nJTIwc3JjJTNEJTIyaHR0cHMlM0ElMkYlMkZ3d3cudHJpcGFkdmlzb3IuZXMlMkZpbWclMkZjZHNpJTJGaW1nMiUyRmJyYW5kaW5nJTJGdjIlMkZUcmlwYWR2aXNvcl9sb2NrdXBfaG9yaXpvbnRhbF9zZWNvbmRhcnlfcmVnaXN0ZXJlZC0xMTkwMC0yLnN2ZyUyMiUyMGFsdCUzRCUyMlRyaXBBZHZpc29yJTIyJTJGJTNFJTNDJTJGYSUzRSUzQyUyRmxpJTNFJTNDJTJGdWwlM0UlM0MlMkZkaXYlM0UlM0NzY3JpcHQlMjBhc3luYyUyMHNyYyUzRCUyMmh0dHBzJTNBJTJGJTJGd3d3LmpzY2FjaGUuY29tJTJGd2VqcyUzRnd0eXBlJTNEc2VsZnNlcnZlcHJvcCUyNmFtcCUzQnVuaXElM0QxMCUyNmFtcCUzQmxvY2F0aW9uSWQlM0Q1MzM3NDUlMjZhbXAlM0JsYW5nJTNEZXMlMjZhbXAlM0JyYXRpbmclM0R0cnVlJTI2YW1wJTNCbnJldmlld3MlM0Q0JTI2YW1wJTNCd3JpdGVyZXZpZXdsaW5rJTNEdHJ1ZSUyNmFtcCUzQnBvcElkeCUzRHRydWUlMjZhbXAlM0Jpc3dpZGUlM0R0cnVlJTI2YW1wJTNCYm9yZGVyJTNEdHJ1ZSUyNmFtcCUzQmRpc3BsYXlfdmVyc2lvbiUzRDIlMjIlMjBkYXRhLWxvYWR0cmslMjBvbmxvYWQlM0QlMjJ0aGlzLmxvYWR0cmslM0R0cnVlJTIyJTNFJTNDJTJGc2NyaXB0JTNF[\/vc_raw_html][vc_single_image image=&#8221;4348&#8243; img_size=&#8221;260&#215;130&#8243; alignment=&#8221;center&#8221; onclick=&#8221;custom_link&#8221; img_link_target=&#8221;_blank&#8221; css_animation=&#8221;bounceIn&#8221; link=&#8221;http:\/\/www.mrplan.es\/\/operadoresV9\/modulos\/valoraciones\/opiniones.php?id=1&amp;id_casa=4885&amp;id_of=&amp;idioma=0&#8243; css=&#8221;.vc_custom_1596623479804{padding-top: 20px !important;padding-right: 20px !important;padding-bottom: 20px !important;padding-left: 20px !important;}&#8221;][\/vc_column][\/vc_row]<\/p>\n","protected":false},"author":1,"featured_media":0,"parent":0,"menu_order":0,"comment_status":"open","ping_status":"closed","template":"","meta":{"footnotes":""},"class_list":["post-2305","page","type-page","status-publish","hentry"],"_links":{"self":[{"href":"https:\/\/www.lagorahotel.com\/ca\/wp-json\/wp\/v2\/pages\/2305","targetHints":{"allow":["GET"]}}],"collection":[{"href":"https:\/\/www.lagorahotel.com\/ca\/wp-json\/wp\/v2\/pages"}],"about":[{"href":"https:\/\/www.lagorahotel.com\/ca\/wp-json\/wp\/v2\/types\/page"}],"author":[{"embeddable":true,"href":"https:\/\/www.lagorahotel.com\/ca\/wp-json\/wp\/v2\/users\/1"}],"replies":[{"embeddable":true,"href":"https:\/\/www.lagorahotel.com\/ca\/wp-json\/wp\/v2\/comments?post=2305"}],"version-history":[{"count":11,"href":"https:\/\/www.lagorahotel.com\/ca\/wp-json\/wp\/v2\/pages\/2305\/revisions"}],"predecessor-version":[{"id":4675,"href":"https:\/\/www.lagorahotel.com\/ca\/wp-json\/wp\/v2\/pages\/2305\/revisions\/4675"}],"wp:attachment":[{"href":"https:\/\/www.lagorahotel.com\/ca\/wp-json\/wp\/v2\/media?parent=2305"}],"curies":[{"name":"wp","href":"https:\/\/api.w.org\/{rel}","templated":true}]}}