{"id":2319,"date":"2014-11-17T13:22:46","date_gmt":"2014-11-17T12:22:46","guid":{"rendered":"http:\/\/www.lagorahotel.com\/aviso-legal-2\/"},"modified":"2015-01-26T19:07:28","modified_gmt":"2015-01-26T18:07:28","slug":"aviso-legal","status":"publish","type":"page","link":"https:\/\/www.lagorahotel.com\/ca\/aviso-legal\/","title":{"rendered":"Av\u00eds legal"},"content":{"rendered":"<p><strong>Benvingut a www.lagorahotel.com.<\/strong> Aquest llo web t\u00e9 per objete facilitar al p\u00fablic en general informaci\u00f3 sobre l&#8217;empresa Majosar Cuina, S.L. i els serveis que ofrereix.<\/p>\n<p>El titular dels drets de propiedad intelectual i el responsable del fitxer de dades i del seu tractament recollides a trav\u00e9s d&#8217;aquest lloc web \u00e9s:<br \/>\n<strong>Majosar Cuina, S.L.<\/strong>, amb domicili a<br \/>\nC\/ Sor Piedad de la Cruz, 3 &#8211; 46880 Bocairent (Val\u00e8ncia)<br \/>\nNIF: B-97264931<\/p>\n<p><strong>PROPIETAT INTELECTUAL<\/strong><br \/>\nLa propietat intelectual de tot el contingut d&#8217;aquest lloc web, correspon a Majosar Cuina, S.L. excepte en el cas que s&#8217;indique expressament un altre titular. Es prohibeix la reproducci\u00f3 total o parcial, per qualsevol mitj\u00e0, del contingut d&#8217;aquesta web sense autoritzaci\u00f3 expressa i por escrit.<\/p>\n<p><strong>CONTINGUTS<\/strong><br \/>\nLa utilitzaci\u00f3 del lloc web atribueix la condici\u00f3 d&#8217;usuari del lloc i implica l&#8217;acceptaci\u00f3 de totes les disposicions incloses en aquesta Nota Legal. Aquestes condicions generals es regeixen per la llei espanyola. La funci\u00f3 dels enlla\u00e7os d&#8217;aquest lloc \u00e9s exclusivament la d&#8217;informar a l&#8217;usuari per a complementar els continguts, pel que Majosar Cuina, S.L. no es fa responsable del contingut d&#8217;altres webs a les que puga enlla\u00e7ar.<\/p>\n<p><strong>RESPONSABILITAT<\/strong><br \/>\nL&#8217;usuari ser\u00e0 l&#8217;\u00fanic responsable de les infraccions en que puga inc\u00f3rrer o dels perjudicis que puga causar per la utilitzaci\u00f3 del lloc web. Majosar Cuina, S.L. no es\u00a0 responsabilitza de l&#8217;\u00fas incorrecte per part dels usuaris del contingut d&#8217;aquest lloc web, i es reserva les accions legals oportunes per a refer-se dels danys o perjudicis causats a conseq\u00fc\u00e8ncia de l&#8217;\u00fas\u00a0 inapropiat o il\u00b7legal de la web.<\/p>\n<p><strong>CONFIDENCIALITAT DE LES DADES<\/strong><br \/>\nMajosar Cuina, S.L. es compromet a respectar la confidencialitat de les dades de car\u00e0cter personal aportades pels visitants de la p\u00e0gina web en aplicaci\u00f3 d&#8217;all\u00f2 disposat a la Llei Org\u00e0nica 15\/1999 de 13 de desembre, de protecci\u00f3 de dades de car\u00e0cter personal. Les dades recollides mitjan\u00e7ant formularis, correus electr\u00f2nics o altres vies seran destinats, \u00fanica i exclusivament, a les finalitats indicades al formulari que l&#8217;usuari emplene i mai seran cedides a terceres persones. En tot cas, l&#8217;usuari tindr\u00e0 dret a accedir, rectificar i\/o cancel\u00b7lar les seues dades dirigint-se per escrit a:<br \/>\nMajosar Cuina, S.L.,\u00a0C\/ Sor Piedad de la Cruz, 3 &#8211; 46880 Bocairent (Val\u00e8ncia), o per correu electr\u00f2nic a: <a href=\"mailto:info@lagorahotel.com\">info@lagorahotel.com<\/a><\/p>\n<p><strong>REALITZACI\u00d3 WEB<\/strong><br \/>\nLa creaci\u00f3 d&#8217;aquest lloc web \u00e9s obra d&#8217;<a href=\"http:\/\/www.alesc.com\" target=\"_blank\">ALESC Comunicaci\u00f3<\/a>.<\/p>\n","protected":false},"excerpt":{"rendered":"<p>Benvingut a www.lagorahotel.com. Aquest llo web t\u00e9 per objete facilitar al p\u00fablic en general informaci\u00f3 sobre l&#8217;empresa Majosar Cuina, S.L. i els serveis que ofrereix. El titular dels drets de propiedad intelectual i el responsable del fitxer de dades i del seu tractament recollides a trav\u00e9s d&#8217;aquest lloc web \u00e9s: Majosar Cuina, S.L., amb domicili a C\/ Sor Piedad de la Cruz, 3 &#8211; 46880 Bocairent (Val\u00e8ncia) NIF: B-97264931 PROPIETAT INTELECTUAL La propietat intelectual de tot el contingut d&#8217;aquest lloc web, correspon a Majosar Cuina, S.L. excepte en el cas que s&#8217;indique expressament un altre titular. Es prohibeix la reproducci\u00f3 total o parcial, per qualsevol mitj\u00e0, del contingut d&#8217;aquesta web sense autoritzaci\u00f3 expressa i por escrit. CONTINGUTS La utilitzaci\u00f3 del lloc web atribueix la condici\u00f3 d&#8217;usuari del lloc i implica l&#8217;acceptaci\u00f3 de totes les disposicions incloses en aquesta Nota Legal. Aquestes condicions generals es regeixen per la llei espanyola. La funci\u00f3 dels enlla\u00e7os d&#8217;aquest lloc \u00e9s exclusivament la d&#8217;informar a l&#8217;usuari per a complementar els continguts, pel que Majosar Cuina, S.L. no es fa responsable del contingut d&#8217;altres webs a les que puga enlla\u00e7ar. RESPONSABILITAT L&#8217;usuari ser\u00e0 l&#8217;\u00fanic responsable de les infraccions en que puga inc\u00f3rrer o dels perjudicis que [&hellip;]<\/p>\n","protected":false},"author":1,"featured_media":0,"parent":0,"menu_order":0,"comment_status":"open","ping_status":"closed","template":"","meta":{"footnotes":""},"class_list":["post-2319","page","type-page","status-publish","hentry"],"_links":{"self":[{"href":"https:\/\/www.lagorahotel.com\/ca\/wp-json\/wp\/v2\/pages\/2319","targetHints":{"allow":["GET"]}}],"collection":[{"href":"https:\/\/www.lagorahotel.com\/ca\/wp-json\/wp\/v2\/pages"}],"about":[{"href":"https:\/\/www.lagorahotel.com\/ca\/wp-json\/wp\/v2\/types\/page"}],"author":[{"embeddable":true,"href":"https:\/\/www.lagorahotel.com\/ca\/wp-json\/wp\/v2\/users\/1"}],"replies":[{"embeddable":true,"href":"https:\/\/www.lagorahotel.com\/ca\/wp-json\/wp\/v2\/comments?post=2319"}],"version-history":[{"count":1,"href":"https:\/\/www.lagorahotel.com\/ca\/wp-json\/wp\/v2\/pages\/2319\/revisions"}],"predecessor-version":[{"id":2320,"href":"https:\/\/www.lagorahotel.com\/ca\/wp-json\/wp\/v2\/pages\/2319\/revisions\/2320"}],"wp:attachment":[{"href":"https:\/\/www.lagorahotel.com\/ca\/wp-json\/wp\/v2\/media?parent=2319"}],"curies":[{"name":"wp","href":"https:\/\/api.w.org\/{rel}","templated":true}]}}